{"id":17,"date":"2021-05-31T20:22:38","date_gmt":"2021-05-31T23:22:38","guid":{"rendered":"https:\/\/sabialaranjeira.eca.usp.br\/?page_id=17"},"modified":"2021-07-06T08:31:31","modified_gmt":"2021-07-06T11:31:31","slug":"contato","status":"publish","type":"page","link":"https:\/\/sabialaranjeira.eca.usp.br\/index.php\/contato\/","title":{"rendered":"Contato"},"content":{"rendered":"<div data-colibri-id=\"17-c1\" class=\"style-299 style-local-17-c1 position-relative\">\n  <!---->\n  <div data-colibri-component=\"section\" data-colibri-id=\"17-c2\" id=\"reusable-sections\" class=\"h-section h-section-global-spacing d-flex align-items-lg-center align-items-md-center align-items-center style-304 style-local-17-c2 position-relative\">\n    <!---->\n    <!---->\n    <div class=\"h-section-grid-container h-section-boxed-container\">\n      <!---->\n      <div data-colibri-id=\"17-c3\" class=\"h-row-container gutters-row-lg-0 gutters-row-md-0 gutters-row-0 gutters-row-v-lg-0 gutters-row-v-md-0 gutters-row-v-0 style-305 style-local-17-c3 position-relative\">\n        <!---->\n        <div class=\"h-row justify-content-lg-center justify-content-md-center justify-content-center align-items-lg-stretch align-items-md-stretch align-items-stretch gutters-col-lg-0 gutters-col-md-0 gutters-col-0 gutters-col-v-lg-0 gutters-col-v-md-0 gutters-col-v-0\">\n          <!---->\n          <div class=\"h-column h-column-container d-flex h-col-lg-auto h-col-md-auto h-col-auto style-306-outer style-local-17-c4-outer\">\n            <div data-colibri-id=\"17-c4\" class=\"d-flex h-flex-basis h-column__inner h-px-lg-0 h-px-md-0 h-px-0 v-inner-lg-0 v-inner-md-0 v-inner-0 style-306 style-local-17-c4 position-relative\">\n              <!---->\n              <!---->\n              <div class=\"w-100 h-y-container h-column__content h-column__v-align flex-basis-100 align-self-lg-start align-self-md-start align-self-start\">\n                <!---->\n                <div data-colibri-id=\"17-c5\" class=\"d-block style-307 style-local-17-c5 position-relative h-element\">\n                  <!---->\n                  <div class=\"h-image__frame-container-outer\">\n                    <div class=\"h-image__frame-container\">\n                      <!---->\n                      <!---->\n                      <img loading=\"lazy\" decoding=\"async\" width=\"768\" height=\"80\" src=\"https:\/\/sabialaranjeira.eca.usp.br\/wp-content\/uploads\/2021\/06\/projetosabia-fundo-09-09.png\" class=\"wp-image-206 style-307-image style-local-17-c5-image\" alt=\"\" srcset=\"https:\/\/sabialaranjeira.eca.usp.br\/wp-content\/uploads\/2021\/06\/projetosabia-fundo-09-09.png 768w, https:\/\/sabialaranjeira.eca.usp.br\/wp-content\/uploads\/2021\/06\/projetosabia-fundo-09-09-300x31.png 300w\" sizes=\"auto, (max-width: 768px) 100vw, 768px\" \/>\n                      <div class=\"h-image__frame h-hide-lg h-hide-md h-hide-sm style-307-frameImage style-local-17-c5-frameImage\"><\/div>\n                    <\/div>\n                  <\/div>\n                <\/div>\n              <\/div>\n            <\/div>\n          <\/div>\n        <\/div>\n      <\/div>\n      <div data-colibri-id=\"17-c6\" class=\"h-row-container gutters-row-lg-0 gutters-row-md-0 gutters-row-0 gutters-row-v-lg-0 gutters-row-v-md-0 gutters-row-v-0 style-308 style-local-17-c6 position-relative\">\n        <!---->\n        <div class=\"h-row justify-content-lg-center justify-content-md-center justify-content-center align-items-lg-stretch align-items-md-stretch align-items-stretch gutters-col-lg-0 gutters-col-md-0 gutters-col-0 gutters-col-v-lg-0 gutters-col-v-md-0 gutters-col-v-0\">\n          <!---->\n          <div class=\"h-column h-column-container d-flex h-col-lg-auto h-col-md-auto h-col-auto style-309-outer style-local-17-c7-outer\">\n            <div data-colibri-id=\"17-c7\" class=\"d-flex h-flex-basis h-column__inner h-px-lg-1 h-px-md-1 h-px-1 v-inner-lg-1 v-inner-md-1 v-inner-1 style-309 style-local-17-c7 position-relative\">\n              <!---->\n              <!---->\n              <div class=\"w-100 h-y-container h-column__content h-column__v-align flex-basis-100 align-self-lg-start align-self-md-start align-self-start\">\n                <!---->\n                <div data-colibri-id=\"17-c8\" class=\"h-text h-text-component style-310 style-local-17-c8 position-relative h-element\">\n                  <!---->\n                  <!---->\n                  <div class=\"\">\n                    <p><span style=\"font-family: wfont_1e6ff4_fc99c66a256d47b2abbbe180a785d9df, wf_fc99c66a256d47b2abbbe180a, orig_lora_bold; font-size: 20px; color: rgb(0, 0, 0);\">E-mail: <\/span><\/p>\n                    <p><span style=\"font-size: 20px; font-family: wfont_1e6ff4_660f124d9b8f49cb8bdbe464c7055c30, wf_660f124d9b8f49cb8bdbe464c, orig_lora_medium; color: rgb(0, 0, 0);\">sabialaranjeira@usp.br<\/span><\/p>\n                  <\/div>\n                <\/div>\n              <\/div>\n            <\/div>\n          <\/div>\n          <div class=\"h-column h-column-container d-flex h-col-lg-auto h-col-md-auto h-col-auto style-311-outer style-local-17-c9-outer\">\n            <div data-colibri-id=\"17-c9\" class=\"d-flex h-flex-basis h-column__inner h-px-lg-1 h-px-md-1 h-px-1 v-inner-lg-1 v-inner-md-1 v-inner-1 style-311 style-local-17-c9 position-relative\">\n              <!---->\n              <!---->\n              <div class=\"w-100 h-y-container h-column__content h-column__v-align flex-basis-100 align-self-lg-start align-self-md-start align-self-start\">\n                <!---->\n                <div data-colibri-id=\"17-c10\" class=\"h-contact-form__outer--forminator style-312 style-local-17-c10 position-relative h-element\">\n                  <!---->\n                  <div class=\"h-global-transition-all h-global-transition h-global-transition-all h-contact-form-shortcode\"><div class=\"forminator-ui forminator-custom-form forminator-custom-form-341 forminator-design--default  forminator_ajax\" data-forminator-render=\"0\" data-form=\"forminator-module-341\" data-uid=\"69d85c5d898b2\"><br\/><\/div><form\n\t\t\t\tid=\"forminator-module-341\"\n\t\t\t\tclass=\"forminator-ui forminator-custom-form forminator-custom-form-341 forminator-design--default  forminator_ajax\"\n\t\t\t\tmethod=\"post\"\n\t\t\t\tdata-forminator-render=\"0\"\n\t\t\t\tdata-form-id=\"341\"\n\t\t\t\t\n\t\t\t\tdata-design=\"default\"\n\t\t\t\t\n\t\t\t\t\n\t\t\t\t\n\t\t\t\tdata-grid=\"open\"\n\t\t\t\t\n\t\t\t\t\n\t\t\t\tstyle=\"display: none;\"\n\t\t\t\t\n\t\t\t\tdata-uid=\"69d85c5d898b2\"\n\t\t\t><div role=\"alert\" aria-live=\"polite\" class=\"forminator-response-message forminator-error\" aria-hidden=\"true\"><\/div><div class=\"forminator-row\"><div id=\"name-1\" class=\"forminator-field-name forminator-col forminator-col-12 \"><div class=\"forminator-field\"><label for=\"forminator-field-name-1_69d85c5d898b2\" id=\"forminator-field-name-1_69d85c5d898b2-label\" class=\"forminator-label\">Nome <span class=\"forminator-required\">*<\/span><\/label><input type=\"text\" name=\"name-1\" value=\"\" placeholder=\"E.g. John\" id=\"forminator-field-name-1_69d85c5d898b2\" class=\"forminator-input forminator-name--field\" aria-required=\"true\" \/><\/div><\/div><\/div><div class=\"forminator-row\"><div id=\"email-1\" class=\"forminator-field-email forminator-col forminator-col-12 \"><div class=\"forminator-field\"><label for=\"forminator-field-email-1_69d85c5d898b2\" id=\"forminator-field-email-1_69d85c5d898b2-label\" class=\"forminator-label\">E-mail <span class=\"forminator-required\">*<\/span><\/label><input type=\"email\" name=\"email-1\" value=\"\" placeholder=\"E.g. john@doe.com\" id=\"forminator-field-email-1_69d85c5d898b2\" class=\"forminator-input forminator-email--field\" data-required=\"true\" aria-required=\"true\" \/><\/div><\/div><\/div><div class=\"forminator-row\"><div id=\"phone-1\" class=\"forminator-field-phone forminator-col forminator-col-12 \"><div class=\"forminator-field\"><label for=\"forminator-field-phone-1_69d85c5d898b2\" id=\"forminator-field-phone-1_69d85c5d898b2-label\" class=\"forminator-label\">Celular<\/label><input type=\"text\" name=\"phone-1\" value=\"\" placeholder=\"E.g. +1 3004005000\" id=\"forminator-field-phone-1_69d85c5d898b2\" class=\"forminator-input forminator-field--phone\" data-required=\"\" aria-required=\"false\" autocomplete=\"off\" \/><\/div><\/div><\/div><div class=\"forminator-row\"><div id=\"textarea-1\" class=\"forminator-field-textarea forminator-col forminator-col-12 \"><div class=\"forminator-field\"><label for=\"forminator-field-textarea-1_69d85c5d898b2\" id=\"forminator-field-textarea-1_69d85c5d898b2-label\" class=\"forminator-label\">Mensagem<\/label><textarea name=\"textarea-1\" placeholder=\"Escreva sua mensagem\" id=\"forminator-field-textarea-1_69d85c5d898b2\" class=\"forminator-textarea\" rows=\"6\" style=\"min-height:140px;\" maxlength=\"180\" ><\/textarea><span id=\"forminator-field-textarea-1_69d85c5d898b2-description\" class=\"forminator-description\"><span data-limit=\"180\" data-type=\"characters\" data-editor=\"\">0 \/ 180<\/span><\/span><\/div><\/div><\/div><input type=\"hidden\" name=\"referer_url\" value=\"\" \/><div class=\"forminator-row forminator-row-last\"><div class=\"forminator-col\"><div class=\"forminator-field\"><button class=\"forminator-button forminator-button-submit\">Enviar mensagem<\/button><\/div><\/div><\/div><input type=\"hidden\" id=\"forminator_nonce\" name=\"forminator_nonce\" value=\"ab677f8613\" \/><input type=\"hidden\" name=\"_wp_http_referer\" value=\"\/index.php\/wp-json\/wp\/v2\/pages\/17\" \/><input type=\"hidden\" name=\"form_id\" value=\"341\"><input type=\"hidden\" name=\"page_id\" value=\"17\"><input type=\"hidden\" name=\"form_type\" value=\"default\"><input type=\"hidden\" name=\"current_url\" value=\"https:\/\/sabialaranjeira.eca.usp.br\/index.php\/contato\/\"><input type=\"hidden\" name=\"render_id\" value=\"0\"><input type=\"hidden\" name=\"action\" value=\"forminator_submit_form_custom-forms\"><\/form><\/div>\n                <\/div>\n              <\/div>\n            <\/div>\n          <\/div>\n        <\/div>\n      <\/div>\n    <\/div>\n  <\/div>\n  <div data-colibri-component=\"section\" data-colibri-id=\"17-c11\" id=\"custom\" class=\"h-section h-section-global-spacing d-flex align-items-lg-center align-items-md-center align-items-center style-620 style-local-17-c11 position-relative\">\n    <!---->\n    <!---->\n    <div class=\"h-section-grid-container h-section-boxed-container\">\n      <!---->\n      <div data-colibri-id=\"17-c12\" class=\"h-row-container gutters-row-lg-2 gutters-row-md-2 gutters-row-0 gutters-row-v-lg-2 gutters-row-v-md-2 gutters-row-v-2 style-621 style-local-17-c12 position-relative\">\n        <!---->\n        <div class=\"h-row justify-content-lg-center justify-content-md-center justify-content-center align-items-lg-stretch align-items-md-stretch align-items-stretch gutters-col-lg-2 gutters-col-md-2 gutters-col-0 gutters-col-v-lg-2 gutters-col-v-md-2 gutters-col-v-2\">\n          <!---->\n          <div class=\"h-column h-column-container d-flex h-col-lg-auto h-col-md-auto h-col-auto style-622-outer style-local-17-c13-outer\">\n            <div data-colibri-id=\"17-c13\" class=\"d-flex h-flex-basis h-column__inner h-px-lg-2 h-px-md-2 h-px-2 v-inner-lg-2 v-inner-md-2 v-inner-2 style-622 style-local-17-c13 position-relative\">\n              <!---->\n              <!---->\n              <div class=\"w-100 h-y-container h-column__content h-column__v-align flex-basis-100 align-self-lg-start align-self-md-start align-self-start\">\n                <!---->\n                <div data-colibri-id=\"17-c14\" class=\"h-text h-text-component style-623 style-local-17-c14 position-relative h-element\">\n                  <!---->\n                  <!---->\n                  <div class=\"\">\n                    <p><strong style=\"font-size: 12pt; font-weight: 400; color: rgb(33, 37, 41); font-family: Roboto, sans-serif;\"><em>Copyright \u00a9 2021<\/em>&nbsp;Todos os direitos reservados ao Projeto Sabi\u00e1 Laranjeira.<\/strong><span style=\"font-size: 12pt; font-weight: 400; color: rgb(33, 37, 41); font-family: Roboto, sans-serif;\"><br>Endere\u00e7o de Correspond\u00eancia:<\/span>\n                      <strong\n                        style=\"font-size: 12pt; font-weight: 400; color: rgb(67, 67, 67); font-family: &quot;Open Sans&quot;, sans-serif;\">\n                        <br>Projeto Sabi\u00e1 Laranjeira\n                        <br>Departamento de M\u00fasica da Escola de Comunica\u00e7\u00f5es e Artes\n                        <br>Universidade de S\u00e3o Paulo\n                        <br>Pr\u00e9dio 6 &#8211; R. da Reitoria, 215 &#8211; Butant\u00e3, S\u00e3o Paulo &#8211; SP, 05508-900\n                        <br>Brazil, 2021<\/strong>\n                    <\/p>\n                  <\/div>\n                <\/div>\n              <\/div>\n            <\/div>\n          <\/div>\n        <\/div>\n      <\/div>\n    <\/div>\n  <\/div>\n<\/div>","protected":false},"excerpt":{"rendered":"<p>E-mail: sabialaranjeira@usp.br Copyright \u00a9 2021&nbsp;Todos os direitos reservados ao Projeto Sabi\u00e1 Laranjeira.Endere\u00e7o de Correspond\u00eancia: Projeto Sabi\u00e1 Laranjeira Departamento de M\u00fasica da Escola de Comunica\u00e7\u00f5es e Artes Universidade de S\u00e3o Paulo [&hellip;]<\/p>\n","protected":false},"author":4,"featured_media":0,"parent":0,"menu_order":0,"comment_status":"closed","ping_status":"closed","template":"page-templates\/full-width-page.php","meta":{"footnotes":""},"class_list":["post-17","page","type-page","status-publish","hentry"],"yoast_head":"<!-- This site is optimized with the Yoast SEO plugin v25.3.1 - https:\/\/yoast.com\/wordpress\/plugins\/seo\/ -->\n<title>Contato - Sabi\u00e1 Laranjeira<\/title>\n<meta name=\"robots\" content=\"index, follow, max-snippet:-1, max-image-preview:large, max-video-preview:-1\" \/>\n<link rel=\"canonical\" href=\"https:\/\/sabialaranjeira.eca.usp.br\/index.php\/contato\/\" \/>\n<meta property=\"og:locale\" content=\"pt_BR\" \/>\n<meta property=\"og:type\" content=\"article\" \/>\n<meta property=\"og:title\" content=\"Contato - Sabi\u00e1 Laranjeira\" \/>\n<meta property=\"og:description\" content=\"E-mail: sabialaranjeira@usp.br Copyright \u00a9 2021&nbsp;Todos os direitos reservados ao Projeto Sabi\u00e1 Laranjeira.Endere\u00e7o de Correspond\u00eancia: Projeto Sabi\u00e1 Laranjeira Departamento de M\u00fasica da Escola de Comunica\u00e7\u00f5es e Artes Universidade de S\u00e3o Paulo [&hellip;]\" \/>\n<meta property=\"og:url\" content=\"https:\/\/sabialaranjeira.eca.usp.br\/index.php\/contato\/\" \/>\n<meta property=\"og:site_name\" content=\"Sabi\u00e1 Laranjeira\" \/>\n<meta property=\"article:modified_time\" content=\"2021-07-06T11:31:31+00:00\" \/>\n<meta property=\"og:image\" content=\"https:\/\/sabialaranjeira.eca.usp.br\/wp-content\/uploads\/2021\/06\/projetosabia-fundo-09-09.png\" \/>\n<meta name=\"twitter:card\" content=\"summary_large_image\" \/>\n<script type=\"application\/ld+json\" class=\"yoast-schema-graph\">{\"@context\":\"https:\/\/schema.org\",\"@graph\":[{\"@type\":\"WebPage\",\"@id\":\"https:\/\/sabialaranjeira.eca.usp.br\/index.php\/contato\/\",\"url\":\"https:\/\/sabialaranjeira.eca.usp.br\/index.php\/contato\/\",\"name\":\"Contato - Sabi\u00e1 Laranjeira\",\"isPartOf\":{\"@id\":\"https:\/\/sabialaranjeira.eca.usp.br\/#website\"},\"primaryImageOfPage\":{\"@id\":\"https:\/\/sabialaranjeira.eca.usp.br\/index.php\/contato\/#primaryimage\"},\"image\":{\"@id\":\"https:\/\/sabialaranjeira.eca.usp.br\/index.php\/contato\/#primaryimage\"},\"thumbnailUrl\":\"https:\/\/sabialaranjeira.eca.usp.br\/wp-content\/uploads\/2021\/06\/projetosabia-fundo-09-09.png\",\"datePublished\":\"2021-05-31T23:22:38+00:00\",\"dateModified\":\"2021-07-06T11:31:31+00:00\",\"breadcrumb\":{\"@id\":\"https:\/\/sabialaranjeira.eca.usp.br\/index.php\/contato\/#breadcrumb\"},\"inLanguage\":\"pt-BR\",\"potentialAction\":[{\"@type\":\"ReadAction\",\"target\":[\"https:\/\/sabialaranjeira.eca.usp.br\/index.php\/contato\/\"]}]},{\"@type\":\"ImageObject\",\"inLanguage\":\"pt-BR\",\"@id\":\"https:\/\/sabialaranjeira.eca.usp.br\/index.php\/contato\/#primaryimage\",\"url\":\"https:\/\/sabialaranjeira.eca.usp.br\/wp-content\/uploads\/2021\/06\/projetosabia-fundo-09-09.png\",\"contentUrl\":\"https:\/\/sabialaranjeira.eca.usp.br\/wp-content\/uploads\/2021\/06\/projetosabia-fundo-09-09.png\",\"width\":768,\"height\":80},{\"@type\":\"BreadcrumbList\",\"@id\":\"https:\/\/sabialaranjeira.eca.usp.br\/index.php\/contato\/#breadcrumb\",\"itemListElement\":[{\"@type\":\"ListItem\",\"position\":1,\"name\":\"In\u00edcio\",\"item\":\"https:\/\/sabialaranjeira.eca.usp.br\/\"},{\"@type\":\"ListItem\",\"position\":2,\"name\":\"Contato\"}]},{\"@type\":\"WebSite\",\"@id\":\"https:\/\/sabialaranjeira.eca.usp.br\/#website\",\"url\":\"https:\/\/sabialaranjeira.eca.usp.br\/\",\"name\":\"Sabi\u00e1 Laranjeira\",\"description\":\"\",\"publisher\":{\"@id\":\"https:\/\/sabialaranjeira.eca.usp.br\/#organization\"},\"potentialAction\":[{\"@type\":\"SearchAction\",\"target\":{\"@type\":\"EntryPoint\",\"urlTemplate\":\"https:\/\/sabialaranjeira.eca.usp.br\/?s={search_term_string}\"},\"query-input\":{\"@type\":\"PropertyValueSpecification\",\"valueRequired\":true,\"valueName\":\"search_term_string\"}}],\"inLanguage\":\"pt-BR\"},{\"@type\":\"Organization\",\"@id\":\"https:\/\/sabialaranjeira.eca.usp.br\/#organization\",\"name\":\"Sabi\u00e1 Laranjeira\",\"url\":\"https:\/\/sabialaranjeira.eca.usp.br\/\",\"logo\":{\"@type\":\"ImageObject\",\"inLanguage\":\"pt-BR\",\"@id\":\"https:\/\/sabialaranjeira.eca.usp.br\/#\/schema\/logo\/image\/\",\"url\":\"https:\/\/sabialaranjeira.eca.usp.br\/wp-content\/uploads\/2021\/05\/cropped-PNG-Logo-Sabia-Corrigida-Sem-Fundo-Branco.png\",\"contentUrl\":\"https:\/\/sabialaranjeira.eca.usp.br\/wp-content\/uploads\/2021\/05\/cropped-PNG-Logo-Sabia-Corrigida-Sem-Fundo-Branco.png\",\"width\":1267,\"height\":1646,\"caption\":\"Sabi\u00e1 Laranjeira\"},\"image\":{\"@id\":\"https:\/\/sabialaranjeira.eca.usp.br\/#\/schema\/logo\/image\/\"}}]}<\/script>\n<!-- \/ Yoast SEO plugin. -->","yoast_head_json":{"title":"Contato - Sabi\u00e1 Laranjeira","robots":{"index":"index","follow":"follow","max-snippet":"max-snippet:-1","max-image-preview":"max-image-preview:large","max-video-preview":"max-video-preview:-1"},"canonical":"https:\/\/sabialaranjeira.eca.usp.br\/index.php\/contato\/","og_locale":"pt_BR","og_type":"article","og_title":"Contato - Sabi\u00e1 Laranjeira","og_description":"E-mail: sabialaranjeira@usp.br Copyright \u00a9 2021&nbsp;Todos os direitos reservados ao Projeto Sabi\u00e1 Laranjeira.Endere\u00e7o de Correspond\u00eancia: Projeto Sabi\u00e1 Laranjeira Departamento de M\u00fasica da Escola de Comunica\u00e7\u00f5es e Artes Universidade de S\u00e3o Paulo [&hellip;]","og_url":"https:\/\/sabialaranjeira.eca.usp.br\/index.php\/contato\/","og_site_name":"Sabi\u00e1 Laranjeira","article_modified_time":"2021-07-06T11:31:31+00:00","og_image":[{"url":"https:\/\/sabialaranjeira.eca.usp.br\/wp-content\/uploads\/2021\/06\/projetosabia-fundo-09-09.png","type":"","width":"","height":""}],"twitter_card":"summary_large_image","schema":{"@context":"https:\/\/schema.org","@graph":[{"@type":"WebPage","@id":"https:\/\/sabialaranjeira.eca.usp.br\/index.php\/contato\/","url":"https:\/\/sabialaranjeira.eca.usp.br\/index.php\/contato\/","name":"Contato - Sabi\u00e1 Laranjeira","isPartOf":{"@id":"https:\/\/sabialaranjeira.eca.usp.br\/#website"},"primaryImageOfPage":{"@id":"https:\/\/sabialaranjeira.eca.usp.br\/index.php\/contato\/#primaryimage"},"image":{"@id":"https:\/\/sabialaranjeira.eca.usp.br\/index.php\/contato\/#primaryimage"},"thumbnailUrl":"https:\/\/sabialaranjeira.eca.usp.br\/wp-content\/uploads\/2021\/06\/projetosabia-fundo-09-09.png","datePublished":"2021-05-31T23:22:38+00:00","dateModified":"2021-07-06T11:31:31+00:00","breadcrumb":{"@id":"https:\/\/sabialaranjeira.eca.usp.br\/index.php\/contato\/#breadcrumb"},"inLanguage":"pt-BR","potentialAction":[{"@type":"ReadAction","target":["https:\/\/sabialaranjeira.eca.usp.br\/index.php\/contato\/"]}]},{"@type":"ImageObject","inLanguage":"pt-BR","@id":"https:\/\/sabialaranjeira.eca.usp.br\/index.php\/contato\/#primaryimage","url":"https:\/\/sabialaranjeira.eca.usp.br\/wp-content\/uploads\/2021\/06\/projetosabia-fundo-09-09.png","contentUrl":"https:\/\/sabialaranjeira.eca.usp.br\/wp-content\/uploads\/2021\/06\/projetosabia-fundo-09-09.png","width":768,"height":80},{"@type":"BreadcrumbList","@id":"https:\/\/sabialaranjeira.eca.usp.br\/index.php\/contato\/#breadcrumb","itemListElement":[{"@type":"ListItem","position":1,"name":"In\u00edcio","item":"https:\/\/sabialaranjeira.eca.usp.br\/"},{"@type":"ListItem","position":2,"name":"Contato"}]},{"@type":"WebSite","@id":"https:\/\/sabialaranjeira.eca.usp.br\/#website","url":"https:\/\/sabialaranjeira.eca.usp.br\/","name":"Sabi\u00e1 Laranjeira","description":"","publisher":{"@id":"https:\/\/sabialaranjeira.eca.usp.br\/#organization"},"potentialAction":[{"@type":"SearchAction","target":{"@type":"EntryPoint","urlTemplate":"https:\/\/sabialaranjeira.eca.usp.br\/?s={search_term_string}"},"query-input":{"@type":"PropertyValueSpecification","valueRequired":true,"valueName":"search_term_string"}}],"inLanguage":"pt-BR"},{"@type":"Organization","@id":"https:\/\/sabialaranjeira.eca.usp.br\/#organization","name":"Sabi\u00e1 Laranjeira","url":"https:\/\/sabialaranjeira.eca.usp.br\/","logo":{"@type":"ImageObject","inLanguage":"pt-BR","@id":"https:\/\/sabialaranjeira.eca.usp.br\/#\/schema\/logo\/image\/","url":"https:\/\/sabialaranjeira.eca.usp.br\/wp-content\/uploads\/2021\/05\/cropped-PNG-Logo-Sabia-Corrigida-Sem-Fundo-Branco.png","contentUrl":"https:\/\/sabialaranjeira.eca.usp.br\/wp-content\/uploads\/2021\/05\/cropped-PNG-Logo-Sabia-Corrigida-Sem-Fundo-Branco.png","width":1267,"height":1646,"caption":"Sabi\u00e1 Laranjeira"},"image":{"@id":"https:\/\/sabialaranjeira.eca.usp.br\/#\/schema\/logo\/image\/"}}]}},"_links":{"self":[{"href":"https:\/\/sabialaranjeira.eca.usp.br\/index.php\/wp-json\/wp\/v2\/pages\/17","targetHints":{"allow":["GET"]}}],"collection":[{"href":"https:\/\/sabialaranjeira.eca.usp.br\/index.php\/wp-json\/wp\/v2\/pages"}],"about":[{"href":"https:\/\/sabialaranjeira.eca.usp.br\/index.php\/wp-json\/wp\/v2\/types\/page"}],"author":[{"embeddable":true,"href":"https:\/\/sabialaranjeira.eca.usp.br\/index.php\/wp-json\/wp\/v2\/users\/4"}],"replies":[{"embeddable":true,"href":"https:\/\/sabialaranjeira.eca.usp.br\/index.php\/wp-json\/wp\/v2\/comments?post=17"}],"version-history":[{"count":4,"href":"https:\/\/sabialaranjeira.eca.usp.br\/index.php\/wp-json\/wp\/v2\/pages\/17\/revisions"}],"predecessor-version":[{"id":921,"href":"https:\/\/sabialaranjeira.eca.usp.br\/index.php\/wp-json\/wp\/v2\/pages\/17\/revisions\/921"}],"wp:attachment":[{"href":"https:\/\/sabialaranjeira.eca.usp.br\/index.php\/wp-json\/wp\/v2\/media?parent=17"}],"curies":[{"name":"wp","href":"https:\/\/api.w.org\/{rel}","templated":true}]}}