{"id":114,"date":"2021-06-01T09:02:57","date_gmt":"2021-06-01T12:02:57","guid":{"rendered":"https:\/\/sabialaranjeira.eca.usp.br\/?page_id=114"},"modified":"2024-03-20T20:41:55","modified_gmt":"2024-03-20T23:41:55","slug":"oficinas","status":"publish","type":"page","link":"https:\/\/sabialaranjeira.eca.usp.br\/index.php\/oficinas\/","title":{"rendered":"Oficinas Musicais"},"content":{"rendered":"<div data-colibri-id=\"114-c1\" class=\"style-414 style-local-114-c1 position-relative\">\r\n  <!---->\r\n  <div data-colibri-component=\"section\" data-colibri-id=\"114-c2\" id=\"reusable-sections\" class=\"h-section h-section-global-spacing d-flex align-items-lg-center align-items-md-center align-items-center style-415 style-local-114-c2 position-relative\">\r\n    <!---->\r\n    <!---->\r\n    <div class=\"h-section-grid-container h-section-fluid-container\">\r\n      <!---->\r\n      <div data-colibri-id=\"114-c3\" class=\"h-row-container gutters-row-lg-2 gutters-row-md-2 gutters-row-0 gutters-row-v-lg-2 gutters-row-v-md-2 gutters-row-v-2 style-843 style-local-114-c3 position-relative\">\r\n        <!---->\r\n        <div class=\"h-row justify-content-lg-center justify-content-md-center justify-content-center align-items-lg-stretch align-items-md-stretch align-items-stretch gutters-col-lg-2 gutters-col-md-2 gutters-col-0 gutters-col-v-lg-2 gutters-col-v-md-2 gutters-col-v-2\">\r\n          <!---->\r\n          <div class=\"h-column h-column-container d-flex h-col-lg-auto h-col-md-auto h-col-auto style-844-outer style-local-114-c4-outer\">\r\n            <div data-colibri-id=\"114-c4\" class=\"d-flex h-flex-basis h-column__inner h-px-lg-2 h-px-md-2 h-px-2 v-inner-lg-2 v-inner-md-2 v-inner-2 style-844 style-local-114-c4 position-relative\">\r\n              <!---->\r\n              <!---->\r\n              <div class=\"w-100 h-y-container h-column__content h-column__v-align flex-basis-100 align-self-lg-start align-self-md-start align-self-start\">\r\n                <!---->\r\n                <div data-colibri-id=\"114-c5\" class=\"h-global-transition-all h-heading style-431 style-local-114-c5 position-relative h-element\">\r\n                  <!---->\r\n                  <div class=\"h-heading__outer style-431 style-local-114-c5\">\r\n                    <!---->\r\n                    <!---->\r\n                    <h2 class=\"\">Oficinas Musicais<\/h2>\r\n                  <\/div>\r\n                <\/div>\r\n              <\/div>\r\n            <\/div>\r\n          <\/div>\r\n        <\/div>\r\n      <\/div>\r\n      <div data-colibri-id=\"114-c6\" class=\"h-row-container gutters-row-lg-2 gutters-row-md-2 gutters-row-0 gutters-row-v-lg-2 gutters-row-v-md-2 gutters-row-v-2 style-841 style-local-114-c6 position-relative\">\r\n        <!---->\r\n        <div class=\"h-row justify-content-lg-center justify-content-md-center justify-content-center align-items-lg-stretch align-items-md-stretch align-items-stretch gutters-col-lg-2 gutters-col-md-2 gutters-col-0 gutters-col-v-lg-2 gutters-col-v-md-2 gutters-col-v-2\">\r\n          <!---->\r\n          <div class=\"h-column h-column-container d-flex h-col-lg-auto h-col-md-auto h-col-auto style-842-outer style-local-114-c7-outer\">\r\n            <div data-colibri-id=\"114-c7\" class=\"d-flex h-flex-basis h-column__inner h-px-lg-2 h-px-md-2 h-px-2 v-inner-lg-2 v-inner-md-2 v-inner-2 style-842 style-local-114-c7 position-relative\">\r\n              <!---->\r\n              <!---->\r\n              <div class=\"w-100 h-y-container h-column__content h-column__v-align flex-basis-100 align-self-lg-start align-self-md-start align-self-start\">\r\n                <!---->\r\n                <div data-colibri-id=\"114-c8\" class=\"h-text h-text-component style-840 style-local-114-c8 position-relative h-element\">\r\n                  <!---->\r\n                  <!---->\r\n                  <div class=\"\">\r\n                    <p>As Oficinas Musicais s\u00e3o aulas realizadas atrav\u00e9s de uma sequ\u00eancia de encontros que ocorrem semanalmente nas escolas parceiras do projeto com aproximadamente 01h00 de dura\u00e7\u00e3o. Essas aulas s\u00e3o organizadas e planejadas pela equipe do\r\n                      Sabi\u00e1 Laranjeira que atua na categoria &#8220;Oficinas&#8221;.\r\n                      <br>Ao longo das oficinas musicais s\u00e3o abordados diversos temas relacionados a musicaliza\u00e7\u00e3o e que contam com atividades coletivas que podem conter percuss\u00e3o corporal, canto, constru\u00e7\u00e3o de instrumentos musicais, par\u00e2metros do som, entre\r\n                      outras coisas que visam uma atividade coletiva e ben\u00e9fica ao desenvolvimento cognitivo, social e humano dos estudantes.\r\n                      <br>Os objetivos das oficinas musicais s\u00e3o promover espa\u00e7os de maior protagonismo dos estudantes do ensino b\u00e1sico, estreitar os v\u00ednculos entre a universidade e a comunidade externa, al\u00e9m de criar oportunidades para os estudantes de Licenciatura\r\n                      em M\u00fasica da USP atuarem de forma pr\u00e1tica, vivenciando, experimentando e elaborando propostas com diferentes faixas et\u00e1rias.\r\n                      <br>\r\n                    <\/p>\r\n                  <\/div>\r\n                <\/div>\r\n              <\/div>\r\n            <\/div>\r\n          <\/div>\r\n        <\/div>\r\n      <\/div>\r\n      <div data-colibri-id=\"114-c9\" class=\"h-row-container gutters-row-lg-0 gutters-row-md-0 gutters-row-0 gutters-row-v-lg-0 gutters-row-v-md-0 gutters-row-v-0 style-416 style-local-114-c9 position-relative\">\r\n        <!---->\r\n        <div class=\"h-row justify-content-lg-center justify-content-md-center justify-content-center align-items-lg-stretch align-items-md-stretch align-items-stretch gutters-col-lg-0 gutters-col-md-0 gutters-col-0 gutters-col-v-lg-0 gutters-col-v-md-0 gutters-col-v-0\">\r\n          <!---->\r\n          <div class=\"h-column h-column-container d-flex h-col-lg-6 h-col-md-3 h-col-12 style-417-outer style-local-114-c10-outer\">\r\n            <div data-colibri-id=\"114-c10\" class=\"d-flex h-flex-basis h-column__inner h-px-lg-0 h-px-md-0 h-px-0 v-inner-lg-0 v-inner-md-0 v-inner-0 style-417 style-local-114-c10 position-relative\">\r\n              <!---->\r\n              <!---->\r\n              <div class=\"w-100 h-y-container h-column__content h-column__v-align flex-basis-100 align-self-lg-start align-self-md-start align-self-start\">\r\n                <!---->\r\n                <div data-colibri-component=\"content-swap\" data-colibri-id=\"114-c11\" class=\"content-swap style-418 style-local-114-c11 position-relative h-element\">\r\n                  <!---->\r\n                  <div class=\"d-flex position-relative border-radius-inherit h-content-swap__overflow\">\r\n                    <div data-normal=\"\" data-colibri-id=\"114-c12\" class=\"h-content-swap__normal d-flex border-radius-inherit h-ui-empty-state-container hide-animation style-419 style-local-114-c12 position-relative\">\r\n                      <!---->\r\n                      <div class=\"w-100 h-y-container\">\r\n                        <!---->\r\n                      <\/div>\r\n                    <\/div>\r\n                    <div data-hover=\"\" data-colibri-component=\"link\" data-href=\"\" data-colibri-id=\"114-c13\" class=\"h-content-swap-hover-container animated h-content-swap__hover d-flex border-radius-inherit fadeIn h-ui-empty-state-container justify-content-lg-center justify-content-md-center justify-content-center style-420 style-local-114-c13 position-relative\"\r\n                      style=\"display: none;\">\r\n                      <!---->\r\n                      <div class=\"w-100 h-y-container\">\r\n                        <!---->\r\n                      <\/div>\r\n                    <\/div>\r\n                  <\/div>\r\n                <\/div>\r\n              <\/div>\r\n            <\/div>\r\n          <\/div>\r\n          <div class=\"h-column h-column-container d-flex h-col-lg-6 h-col-md-3 h-col-12 style-417-outer style-local-114-c14-outer\">\r\n            <div data-colibri-id=\"114-c14\" class=\"d-flex h-flex-basis h-column__inner h-px-lg-0 h-px-md-0 h-px-0 v-inner-lg-0 v-inner-md-0 v-inner-0 style-417 style-local-114-c14 position-relative\">\r\n              <!---->\r\n              <!---->\r\n              <div class=\"w-100 h-y-container h-column__content h-column__v-align flex-basis-100 align-self-lg-start align-self-md-start align-self-start\">\r\n                <!---->\r\n                <div data-colibri-component=\"content-swap\" data-colibri-id=\"114-c15\" class=\"content-swap style-422 style-local-114-c15 position-relative h-element\">\r\n                  <!---->\r\n                  <div class=\"d-flex position-relative border-radius-inherit h-content-swap__overflow\">\r\n                    <div data-normal=\"\" data-colibri-id=\"114-c16\" class=\"h-content-swap__normal d-flex border-radius-inherit h-ui-empty-state-container hide-animation style-419 style-local-114-c16 position-relative\">\r\n                      <!---->\r\n                      <div class=\"w-100 h-y-container\">\r\n                        <!---->\r\n                      <\/div>\r\n                    <\/div>\r\n                    <div data-hover=\"\" data-colibri-component=\"link\" data-href=\"\" data-colibri-id=\"114-c17\" class=\"h-content-swap-hover-container animated h-content-swap__hover d-flex border-radius-inherit fadeIn h-ui-empty-state-container justify-content-lg-center justify-content-md-center justify-content-center style-420 style-local-114-c17 position-relative\"\r\n                      style=\"display: none;\">\r\n                      <!---->\r\n                      <div class=\"w-100 h-y-container\">\r\n                        <!---->\r\n                      <\/div>\r\n                    <\/div>\r\n                  <\/div>\r\n                <\/div>\r\n              <\/div>\r\n            <\/div>\r\n          <\/div>\r\n          <div class=\"h-column h-column-container d-flex h-col-lg-6 h-col-md-3 h-col-12 style-417-outer style-local-114-c18-outer\">\r\n            <div data-colibri-id=\"114-c18\" class=\"d-flex h-flex-basis h-column__inner h-px-lg-0 h-px-md-0 h-px-0 v-inner-lg-0 v-inner-md-0 v-inner-0 style-417 style-local-114-c18 position-relative\">\r\n              <!---->\r\n              <!---->\r\n              <div class=\"w-100 h-y-container h-column__content h-column__v-align flex-basis-100 align-self-lg-start align-self-md-start align-self-start\">\r\n                <!---->\r\n                <div data-colibri-component=\"content-swap\" data-colibri-id=\"114-c19\" class=\"content-swap style-423 style-local-114-c19 position-relative h-element\">\r\n                  <!---->\r\n                  <div class=\"d-flex position-relative border-radius-inherit h-content-swap__overflow\">\r\n                    <div data-normal=\"\" data-colibri-id=\"114-c20\" class=\"h-content-swap__normal d-flex border-radius-inherit h-ui-empty-state-container hide-animation style-419 style-local-114-c20 position-relative\">\r\n                      <!---->\r\n                      <div class=\"w-100 h-y-container\">\r\n                        <!---->\r\n                      <\/div>\r\n                    <\/div>\r\n                    <div data-hover=\"\" data-colibri-component=\"link\" data-href=\"\" data-colibri-id=\"114-c21\" class=\"h-content-swap-hover-container animated h-content-swap__hover d-flex border-radius-inherit fadeIn h-ui-empty-state-container justify-content-lg-center justify-content-md-center justify-content-center style-420 style-local-114-c21 position-relative\"\r\n                      style=\"display: none;\">\r\n                      <!---->\r\n                      <div class=\"w-100 h-y-container\">\r\n                        <!---->\r\n                      <\/div>\r\n                    <\/div>\r\n                  <\/div>\r\n                <\/div>\r\n              <\/div>\r\n            <\/div>\r\n          <\/div>\r\n          <div class=\"h-column h-column-container d-flex h-col-lg-6 h-col-md-3 h-col-12 style-417-outer style-local-114-c22-outer\">\r\n            <div data-colibri-id=\"114-c22\" class=\"d-flex h-flex-basis h-column__inner h-px-lg-0 h-px-md-0 h-px-0 v-inner-lg-0 v-inner-md-0 v-inner-0 style-417 style-local-114-c22 position-relative\">\r\n              <!---->\r\n              <!---->\r\n              <div class=\"w-100 h-y-container h-column__content h-column__v-align flex-basis-100 align-self-lg-start align-self-md-start align-self-start\">\r\n                <!---->\r\n                <div data-colibri-component=\"content-swap\" data-colibri-id=\"114-c23\" class=\"content-swap style-424 style-local-114-c23 position-relative h-element\">\r\n                  <!---->\r\n                  <div class=\"d-flex position-relative border-radius-inherit h-content-swap__overflow\">\r\n                    <div data-normal=\"\" data-colibri-id=\"114-c24\" class=\"h-content-swap__normal d-flex border-radius-inherit h-ui-empty-state-container hide-animation style-419 style-local-114-c24 position-relative\">\r\n                      <!---->\r\n                      <div class=\"w-100 h-y-container\">\r\n                        <!---->\r\n                      <\/div>\r\n                    <\/div>\r\n                    <div data-hover=\"\" data-colibri-component=\"link\" data-href=\"\" data-colibri-id=\"114-c25\" class=\"h-content-swap-hover-container animated h-content-swap__hover d-flex border-radius-inherit fadeIn h-ui-empty-state-container justify-content-lg-center justify-content-md-center justify-content-center style-420 style-local-114-c25 position-relative\"\r\n                      style=\"display: none;\">\r\n                      <!---->\r\n                      <div class=\"w-100 h-y-container\">\r\n                        <!---->\r\n                      <\/div>\r\n                    <\/div>\r\n                  <\/div>\r\n                <\/div>\r\n              <\/div>\r\n            <\/div>\r\n          <\/div>\r\n        <\/div>\r\n      <\/div>\r\n    <\/div>\r\n  <\/div>\r\n  <div data-colibri-component=\"section\" data-colibri-id=\"114-c26\" id=\"custom\" class=\"h-section h-section-global-spacing d-flex align-items-lg-center align-items-md-center align-items-center style-845 style-local-114-c26 position-relative\">\r\n    <!---->\r\n    <!---->\r\n    <div class=\"h-section-grid-container h-section-boxed-container\">\r\n      <!---->\r\n      <div data-colibri-id=\"114-c27\" class=\"h-row-container gutters-row-lg-2 gutters-row-md-2 gutters-row-0 gutters-row-v-lg-2 gutters-row-v-md-2 gutters-row-v-2 style-846 style-local-114-c27 position-relative\">\r\n        <!---->\r\n        <div class=\"h-row justify-content-lg-center justify-content-md-center justify-content-center align-items-lg-stretch align-items-md-stretch align-items-stretch gutters-col-lg-2 gutters-col-md-2 gutters-col-0 gutters-col-v-lg-2 gutters-col-v-md-2 gutters-col-v-2\">\r\n          <!---->\r\n          <div class=\"h-column h-column-container d-flex h-col-lg-auto h-col-md-auto h-col-auto style-848-outer style-local-114-c28-outer\">\r\n            <div data-colibri-id=\"114-c28\" class=\"d-flex h-flex-basis h-column__inner h-px-lg-2 h-px-md-2 h-px-2 v-inner-lg-2 v-inner-md-2 v-inner-2 style-848 style-local-114-c28 position-relative\">\r\n              <!---->\r\n              <!---->\r\n              <div class=\"w-100 h-y-container h-column__content h-column__v-align flex-basis-100 align-self-lg-start align-self-md-start align-self-start\">\r\n                <!---->\r\n                <div data-colibri-id=\"114-c29\" class=\"d-block style-849 style-local-114-c29 position-relative h-element\">\r\n                  <!---->\r\n                  <div class=\"h-image__frame-container-outer\">\r\n                    <div class=\"h-image__frame-container\">\r\n                      <!---->\r\n                      <!---->\r\n                      <img loading=\"lazy\" decoding=\"async\" width=\"768\" height=\"206\" src=\"https:\/\/sabialaranjeira.eca.usp.br\/wp-content\/uploads\/2021\/06\/projetosabia-fundo-10.png\" class=\"wp-image-214 style-849-image style-local-114-c29-image\" alt=\"\" srcset=\"https:\/\/sabialaranjeira.eca.usp.br\/wp-content\/uploads\/2021\/06\/projetosabia-fundo-10.png 768w, https:\/\/sabialaranjeira.eca.usp.br\/wp-content\/uploads\/2021\/06\/projetosabia-fundo-10-300x80.png 300w\" sizes=\"auto, (max-width: 768px) 100vw, 768px\" \/>\r\n                      <div class=\"h-image__frame h-hide-lg h-hide-md h-hide-sm style-849-frameImage style-local-114-c29-frameImage\"><\/div>\r\n                    <\/div>\r\n                  <\/div>\r\n                <\/div>\r\n              <\/div>\r\n            <\/div>\r\n          <\/div>\r\n        <\/div>\r\n      <\/div>\r\n    <\/div>\r\n  <\/div>\r\n<\/div>","protected":false},"excerpt":{"rendered":"<p>Oficinas Musicais As Oficinas Musicais s\u00e3o aulas realizadas atrav\u00e9s de uma sequ\u00eancia de encontros que ocorrem semanalmente nas escolas parceiras do projeto com aproximadamente 01h00 de dura\u00e7\u00e3o. Essas aulas s\u00e3o [&hellip;]<\/p>\n","protected":false},"author":4,"featured_media":0,"parent":0,"menu_order":0,"comment_status":"closed","ping_status":"closed","template":"page-templates\/full-width-page.php","meta":{"footnotes":""},"class_list":["post-114","page","type-page","status-publish","hentry"],"yoast_head":"<!-- This site is optimized with the Yoast SEO plugin v25.3.1 - https:\/\/yoast.com\/wordpress\/plugins\/seo\/ -->\n<title>Oficinas Musicais - Sabi\u00e1 Laranjeira<\/title>\n<meta name=\"robots\" content=\"index, follow, max-snippet:-1, max-image-preview:large, max-video-preview:-1\" \/>\n<link rel=\"canonical\" href=\"https:\/\/sabialaranjeira.eca.usp.br\/index.php\/oficinas\/\" \/>\n<meta property=\"og:locale\" content=\"pt_BR\" \/>\n<meta property=\"og:type\" content=\"article\" \/>\n<meta property=\"og:title\" content=\"Oficinas Musicais - Sabi\u00e1 Laranjeira\" \/>\n<meta property=\"og:description\" content=\"Oficinas Musicais As Oficinas Musicais s\u00e3o aulas realizadas atrav\u00e9s de uma sequ\u00eancia de encontros que ocorrem semanalmente nas escolas parceiras do projeto com aproximadamente 01h00 de dura\u00e7\u00e3o. Essas aulas s\u00e3o [&hellip;]\" \/>\n<meta property=\"og:url\" content=\"https:\/\/sabialaranjeira.eca.usp.br\/index.php\/oficinas\/\" \/>\n<meta property=\"og:site_name\" content=\"Sabi\u00e1 Laranjeira\" \/>\n<meta property=\"article:modified_time\" content=\"2024-03-20T23:41:55+00:00\" \/>\n<meta property=\"og:image\" content=\"https:\/\/sabialaranjeira.eca.usp.br\/wp-content\/uploads\/2021\/06\/projetosabia-fundo-10.png\" \/>\n<meta name=\"twitter:card\" content=\"summary_large_image\" \/>\n<meta name=\"twitter:label1\" content=\"Est. tempo de leitura\" \/>\n\t<meta name=\"twitter:data1\" content=\"1 minuto\" \/>\n<script type=\"application\/ld+json\" class=\"yoast-schema-graph\">{\"@context\":\"https:\/\/schema.org\",\"@graph\":[{\"@type\":\"WebPage\",\"@id\":\"https:\/\/sabialaranjeira.eca.usp.br\/index.php\/oficinas\/\",\"url\":\"https:\/\/sabialaranjeira.eca.usp.br\/index.php\/oficinas\/\",\"name\":\"Oficinas Musicais - Sabi\u00e1 Laranjeira\",\"isPartOf\":{\"@id\":\"https:\/\/sabialaranjeira.eca.usp.br\/#website\"},\"primaryImageOfPage\":{\"@id\":\"https:\/\/sabialaranjeira.eca.usp.br\/index.php\/oficinas\/#primaryimage\"},\"image\":{\"@id\":\"https:\/\/sabialaranjeira.eca.usp.br\/index.php\/oficinas\/#primaryimage\"},\"thumbnailUrl\":\"https:\/\/sabialaranjeira.eca.usp.br\/wp-content\/uploads\/2021\/06\/projetosabia-fundo-10.png\",\"datePublished\":\"2021-06-01T12:02:57+00:00\",\"dateModified\":\"2024-03-20T23:41:55+00:00\",\"breadcrumb\":{\"@id\":\"https:\/\/sabialaranjeira.eca.usp.br\/index.php\/oficinas\/#breadcrumb\"},\"inLanguage\":\"pt-BR\",\"potentialAction\":[{\"@type\":\"ReadAction\",\"target\":[\"https:\/\/sabialaranjeira.eca.usp.br\/index.php\/oficinas\/\"]}]},{\"@type\":\"ImageObject\",\"inLanguage\":\"pt-BR\",\"@id\":\"https:\/\/sabialaranjeira.eca.usp.br\/index.php\/oficinas\/#primaryimage\",\"url\":\"https:\/\/sabialaranjeira.eca.usp.br\/wp-content\/uploads\/2021\/06\/projetosabia-fundo-10.png\",\"contentUrl\":\"https:\/\/sabialaranjeira.eca.usp.br\/wp-content\/uploads\/2021\/06\/projetosabia-fundo-10.png\",\"width\":768,\"height\":206},{\"@type\":\"BreadcrumbList\",\"@id\":\"https:\/\/sabialaranjeira.eca.usp.br\/index.php\/oficinas\/#breadcrumb\",\"itemListElement\":[{\"@type\":\"ListItem\",\"position\":1,\"name\":\"In\u00edcio\",\"item\":\"https:\/\/sabialaranjeira.eca.usp.br\/\"},{\"@type\":\"ListItem\",\"position\":2,\"name\":\"Oficinas Musicais\"}]},{\"@type\":\"WebSite\",\"@id\":\"https:\/\/sabialaranjeira.eca.usp.br\/#website\",\"url\":\"https:\/\/sabialaranjeira.eca.usp.br\/\",\"name\":\"Sabi\u00e1 Laranjeira\",\"description\":\"\",\"publisher\":{\"@id\":\"https:\/\/sabialaranjeira.eca.usp.br\/#organization\"},\"potentialAction\":[{\"@type\":\"SearchAction\",\"target\":{\"@type\":\"EntryPoint\",\"urlTemplate\":\"https:\/\/sabialaranjeira.eca.usp.br\/?s={search_term_string}\"},\"query-input\":{\"@type\":\"PropertyValueSpecification\",\"valueRequired\":true,\"valueName\":\"search_term_string\"}}],\"inLanguage\":\"pt-BR\"},{\"@type\":\"Organization\",\"@id\":\"https:\/\/sabialaranjeira.eca.usp.br\/#organization\",\"name\":\"Sabi\u00e1 Laranjeira\",\"url\":\"https:\/\/sabialaranjeira.eca.usp.br\/\",\"logo\":{\"@type\":\"ImageObject\",\"inLanguage\":\"pt-BR\",\"@id\":\"https:\/\/sabialaranjeira.eca.usp.br\/#\/schema\/logo\/image\/\",\"url\":\"https:\/\/sabialaranjeira.eca.usp.br\/wp-content\/uploads\/2021\/05\/cropped-PNG-Logo-Sabia-Corrigida-Sem-Fundo-Branco.png\",\"contentUrl\":\"https:\/\/sabialaranjeira.eca.usp.br\/wp-content\/uploads\/2021\/05\/cropped-PNG-Logo-Sabia-Corrigida-Sem-Fundo-Branco.png\",\"width\":1267,\"height\":1646,\"caption\":\"Sabi\u00e1 Laranjeira\"},\"image\":{\"@id\":\"https:\/\/sabialaranjeira.eca.usp.br\/#\/schema\/logo\/image\/\"}}]}<\/script>\n<!-- \/ Yoast SEO plugin. -->","yoast_head_json":{"title":"Oficinas Musicais - Sabi\u00e1 Laranjeira","robots":{"index":"index","follow":"follow","max-snippet":"max-snippet:-1","max-image-preview":"max-image-preview:large","max-video-preview":"max-video-preview:-1"},"canonical":"https:\/\/sabialaranjeira.eca.usp.br\/index.php\/oficinas\/","og_locale":"pt_BR","og_type":"article","og_title":"Oficinas Musicais - Sabi\u00e1 Laranjeira","og_description":"Oficinas Musicais As Oficinas Musicais s\u00e3o aulas realizadas atrav\u00e9s de uma sequ\u00eancia de encontros que ocorrem semanalmente nas escolas parceiras do projeto com aproximadamente 01h00 de dura\u00e7\u00e3o. Essas aulas s\u00e3o [&hellip;]","og_url":"https:\/\/sabialaranjeira.eca.usp.br\/index.php\/oficinas\/","og_site_name":"Sabi\u00e1 Laranjeira","article_modified_time":"2024-03-20T23:41:55+00:00","og_image":[{"url":"https:\/\/sabialaranjeira.eca.usp.br\/wp-content\/uploads\/2021\/06\/projetosabia-fundo-10.png","type":"","width":"","height":""}],"twitter_card":"summary_large_image","twitter_misc":{"Est. tempo de leitura":"1 minuto"},"schema":{"@context":"https:\/\/schema.org","@graph":[{"@type":"WebPage","@id":"https:\/\/sabialaranjeira.eca.usp.br\/index.php\/oficinas\/","url":"https:\/\/sabialaranjeira.eca.usp.br\/index.php\/oficinas\/","name":"Oficinas Musicais - Sabi\u00e1 Laranjeira","isPartOf":{"@id":"https:\/\/sabialaranjeira.eca.usp.br\/#website"},"primaryImageOfPage":{"@id":"https:\/\/sabialaranjeira.eca.usp.br\/index.php\/oficinas\/#primaryimage"},"image":{"@id":"https:\/\/sabialaranjeira.eca.usp.br\/index.php\/oficinas\/#primaryimage"},"thumbnailUrl":"https:\/\/sabialaranjeira.eca.usp.br\/wp-content\/uploads\/2021\/06\/projetosabia-fundo-10.png","datePublished":"2021-06-01T12:02:57+00:00","dateModified":"2024-03-20T23:41:55+00:00","breadcrumb":{"@id":"https:\/\/sabialaranjeira.eca.usp.br\/index.php\/oficinas\/#breadcrumb"},"inLanguage":"pt-BR","potentialAction":[{"@type":"ReadAction","target":["https:\/\/sabialaranjeira.eca.usp.br\/index.php\/oficinas\/"]}]},{"@type":"ImageObject","inLanguage":"pt-BR","@id":"https:\/\/sabialaranjeira.eca.usp.br\/index.php\/oficinas\/#primaryimage","url":"https:\/\/sabialaranjeira.eca.usp.br\/wp-content\/uploads\/2021\/06\/projetosabia-fundo-10.png","contentUrl":"https:\/\/sabialaranjeira.eca.usp.br\/wp-content\/uploads\/2021\/06\/projetosabia-fundo-10.png","width":768,"height":206},{"@type":"BreadcrumbList","@id":"https:\/\/sabialaranjeira.eca.usp.br\/index.php\/oficinas\/#breadcrumb","itemListElement":[{"@type":"ListItem","position":1,"name":"In\u00edcio","item":"https:\/\/sabialaranjeira.eca.usp.br\/"},{"@type":"ListItem","position":2,"name":"Oficinas Musicais"}]},{"@type":"WebSite","@id":"https:\/\/sabialaranjeira.eca.usp.br\/#website","url":"https:\/\/sabialaranjeira.eca.usp.br\/","name":"Sabi\u00e1 Laranjeira","description":"","publisher":{"@id":"https:\/\/sabialaranjeira.eca.usp.br\/#organization"},"potentialAction":[{"@type":"SearchAction","target":{"@type":"EntryPoint","urlTemplate":"https:\/\/sabialaranjeira.eca.usp.br\/?s={search_term_string}"},"query-input":{"@type":"PropertyValueSpecification","valueRequired":true,"valueName":"search_term_string"}}],"inLanguage":"pt-BR"},{"@type":"Organization","@id":"https:\/\/sabialaranjeira.eca.usp.br\/#organization","name":"Sabi\u00e1 Laranjeira","url":"https:\/\/sabialaranjeira.eca.usp.br\/","logo":{"@type":"ImageObject","inLanguage":"pt-BR","@id":"https:\/\/sabialaranjeira.eca.usp.br\/#\/schema\/logo\/image\/","url":"https:\/\/sabialaranjeira.eca.usp.br\/wp-content\/uploads\/2021\/05\/cropped-PNG-Logo-Sabia-Corrigida-Sem-Fundo-Branco.png","contentUrl":"https:\/\/sabialaranjeira.eca.usp.br\/wp-content\/uploads\/2021\/05\/cropped-PNG-Logo-Sabia-Corrigida-Sem-Fundo-Branco.png","width":1267,"height":1646,"caption":"Sabi\u00e1 Laranjeira"},"image":{"@id":"https:\/\/sabialaranjeira.eca.usp.br\/#\/schema\/logo\/image\/"}}]}},"_links":{"self":[{"href":"https:\/\/sabialaranjeira.eca.usp.br\/index.php\/wp-json\/wp\/v2\/pages\/114","targetHints":{"allow":["GET"]}}],"collection":[{"href":"https:\/\/sabialaranjeira.eca.usp.br\/index.php\/wp-json\/wp\/v2\/pages"}],"about":[{"href":"https:\/\/sabialaranjeira.eca.usp.br\/index.php\/wp-json\/wp\/v2\/types\/page"}],"author":[{"embeddable":true,"href":"https:\/\/sabialaranjeira.eca.usp.br\/index.php\/wp-json\/wp\/v2\/users\/4"}],"replies":[{"embeddable":true,"href":"https:\/\/sabialaranjeira.eca.usp.br\/index.php\/wp-json\/wp\/v2\/comments?post=114"}],"version-history":[{"count":20,"href":"https:\/\/sabialaranjeira.eca.usp.br\/index.php\/wp-json\/wp\/v2\/pages\/114\/revisions"}],"predecessor-version":[{"id":2472,"href":"https:\/\/sabialaranjeira.eca.usp.br\/index.php\/wp-json\/wp\/v2\/pages\/114\/revisions\/2472"}],"wp:attachment":[{"href":"https:\/\/sabialaranjeira.eca.usp.br\/index.php\/wp-json\/wp\/v2\/media?parent=114"}],"curies":[{"name":"wp","href":"https:\/\/api.w.org\/{rel}","templated":true}]}}